{"id":16083,"date":"2025-04-14T12:27:03","date_gmt":"2025-04-14T17:27:03","guid":{"rendered":"http:\/\/localhost\/wordpress\/?page_id=16083"},"modified":"2025-08-17T18:37:52","modified_gmt":"2025-08-17T23:37:52","slug":"pqrs-jaimeduqueanos","status":"publish","type":"page","link":"https:\/\/parquejaimeduque.com\/en\/pqrs-jaimeduqueanos\/","title":{"rendered":"PQRSF Jaimeduqueanos"},"content":{"rendered":"<div data-elementor-type=\"wp-page\" data-elementor-id=\"16083\" class=\"elementor elementor-16083\" data-elementor-post-type=\"page\">\n\t\t\t\t<div class=\"elementor-element elementor-element-9b8ade1 e-flex e-con-boxed e-con e-parent\" data-id=\"9b8ade1\" data-element_type=\"container\" data-e-type=\"container\">\t\t\t<div class=\"e-con-inner\">\r\n\t\t\t\t<div class=\"elementor-element elementor-element-43c60ea elementor-widget elementor-widget-heading\" data-id=\"43c60ea\" data-element_type=\"widget\" data-e-type=\"widget\" data-widget_type=\"heading.default\">\n\t\t\t\t\t<h2 class=\"elementor-heading-title elementor-size-default\">Record of members' responses to questions, suggestions, comments, compliments and complaints.<\/h2>\t\t\t\t<\/div>\n\t\t\t\t<div class=\"elementor-element elementor-element-1e10256 elementor-widget-divider--view-line elementor-widget elementor-widget-divider\" data-id=\"1e10256\" data-element_type=\"widget\" data-e-type=\"widget\" data-widget_type=\"divider.default\">\n\t\t\t\t\t\t\t<div class=\"elementor-divider\">\n\t\t\t<span class=\"elementor-divider-separator\">\n\t\t\t\t\t\t<\/span>\n\t\t<\/div>\n\t\t\t\t\t\t<\/div>\n\t\t\t\t<div class=\"elementor-element elementor-element-b59062b elementor-widget elementor-widget-text-editor\" data-id=\"b59062b\" data-element_type=\"widget\" data-e-type=\"widget\" data-widget_type=\"text-editor.default\">\n\t\t\t\t\t\t\t\t\t<p>The purpose of this form is to find out the <strong>version of the member in the processes related to Question, Suggestion, Comment, Compliment or Complaint.<\/strong>; In this way it will be possible to have complete information for the response process and additionally be able to establish improvement actions that may be necessary depending on the case. We ask the member of Fundaci\u00f3n Parque Jaime Duque or Inversiones Duque Torres to please mention what happened and if he\/she considers it, suggest any action that from his\/her role will allow to implement actions or tools to improve the operation or service.<\/p>\t\t\t\t\t\t\t\t<\/div>\n\t\t\t\t\t<\/div>\r\n\t\t\t\t<\/div>\r\n\t\t<div class=\"elementor-element elementor-element-284ead6 e-flex e-con-boxed e-con e-parent\" data-id=\"284ead6\" data-element_type=\"container\" data-e-type=\"container\">\t\t\t<div class=\"e-con-inner\">\r\n\t\t\t\t<div class=\"elementor-element elementor-element-4c8b5f2 elementor-widget elementor-widget-shortcode\" data-id=\"4c8b5f2\" data-element_type=\"widget\" data-e-type=\"widget\" data-widget_type=\"shortcode.default\">\n\t\t\t\t\t\t\t<div class=\"elementor-shortcode\"><script charset=\"utf-8\" type=\"text\/javascript\" src=\"\/\/js.hsforms.net\/forms\/embed\/v2.js\"><\/script>\n<script>\n  hbspt.forms.create({\n    portalId: \"47163144\",\n    formId: \"1e9464dd-13fd-432c-aa51-b23e7e4526e0\",\n    region: \"na1\"\n  });\n<\/script><\/div>\n\t\t\t\t\t\t<\/div>\n\t\t\t\t\t<\/div>\r\n\t\t\t\t<\/div>\r\n\t\t\t\t<\/div>","protected":false},"excerpt":{"rendered":"<p>Registro de respuestas de los integrantes a procesos de preguntas, sugerencias, comentarios, felicitaciones y quejas. El presente formulario tiene el fin de conocer la versi\u00f3n del integrante en los procesos relacionados con Pregunta, Sugerencia, Comentario, Felicitaci\u00f3n o Queja; de esta manera ser\u00e1 posible contar con la informaci\u00f3n completa para el proceso de respuesta y adicionalmente [&hellip;]<\/p>\n","protected":false},"author":1,"featured_media":0,"parent":0,"menu_order":0,"comment_status":"closed","ping_status":"closed","template":"","meta":{"footnotes":""},"folder":[166],"class_list":["post-16083","page","type-page","status-publish","hentry"],"yoast_head":"<!-- This site is optimized with the Yoast SEO plugin v27.4 - https:\/\/yoast.com\/product\/yoast-seo-wordpress\/ -->\n<title>PQRSF Jaimeduqueanos - Fundaci\u00f3n Parque Jaime Duque<\/title>\n<meta name=\"robots\" content=\"index, follow, max-snippet:-1, max-image-preview:large, max-video-preview:-1\" \/>\n<link rel=\"canonical\" href=\"https:\/\/parquejaimeduque.com\/en\/pqrs-jaimeduqueanos\/\" \/>\n<meta property=\"og:locale\" content=\"en_US\" \/>\n<meta property=\"og:type\" content=\"article\" \/>\n<meta property=\"og:title\" content=\"PQRSF Jaimeduqueanos - Fundaci\u00f3n Parque Jaime Duque\" \/>\n<meta property=\"og:description\" content=\"Registro de respuestas de los integrantes a procesos de preguntas, sugerencias, comentarios, felicitaciones y quejas. El presente formulario tiene el fin de conocer la versi\u00f3n del integrante en los procesos relacionados con Pregunta, Sugerencia, Comentario, Felicitaci\u00f3n o Queja; de esta manera ser\u00e1 posible contar con la informaci\u00f3n completa para el proceso de respuesta y adicionalmente [&hellip;]\" \/>\n<meta property=\"og:url\" content=\"https:\/\/parquejaimeduque.com\/en\/pqrs-jaimeduqueanos\/\" \/>\n<meta property=\"og:site_name\" content=\"Fundaci\u00f3n Parque Jaime Duque\" \/>\n<meta property=\"article:publisher\" content=\"https:\/\/www.facebook.com\/ParqueJaimeDuque\" \/>\n<meta property=\"article:modified_time\" content=\"2025-08-17T23:37:52+00:00\" \/>\n<meta name=\"twitter:card\" content=\"summary_large_image\" \/>\n<meta name=\"twitter:label1\" content=\"Est. reading time\" \/>\n\t<meta name=\"twitter:data1\" content=\"1 minute\" \/>\n<script type=\"application\/ld+json\" class=\"yoast-schema-graph\">{\"@context\":\"https:\\\/\\\/schema.org\",\"@graph\":[{\"@type\":\"WebPage\",\"@id\":\"https:\\\/\\\/parquejaimeduque.com\\\/pqrs-jaimeduqueanos\\\/\",\"url\":\"https:\\\/\\\/parquejaimeduque.com\\\/pqrs-jaimeduqueanos\\\/\",\"name\":\"PQRSF Jaimeduqueanos - Fundaci\u00f3n Parque Jaime Duque\",\"isPartOf\":{\"@id\":\"https:\\\/\\\/parquejaimeduque.com\\\/#website\"},\"datePublished\":\"2025-04-14T17:27:03+00:00\",\"dateModified\":\"2025-08-17T23:37:52+00:00\",\"breadcrumb\":{\"@id\":\"https:\\\/\\\/parquejaimeduque.com\\\/pqrs-jaimeduqueanos\\\/#breadcrumb\"},\"inLanguage\":\"en-US\",\"potentialAction\":[{\"@type\":\"ReadAction\",\"target\":[\"https:\\\/\\\/parquejaimeduque.com\\\/pqrs-jaimeduqueanos\\\/\"]}]},{\"@type\":\"BreadcrumbList\",\"@id\":\"https:\\\/\\\/parquejaimeduque.com\\\/pqrs-jaimeduqueanos\\\/#breadcrumb\",\"itemListElement\":[{\"@type\":\"ListItem\",\"position\":1,\"name\":\"Inicio\",\"item\":\"https:\\\/\\\/parquejaimeduque.com\\\/\"},{\"@type\":\"ListItem\",\"position\":2,\"name\":\"PQRSF Jaimeduqueanos\"}]},{\"@type\":\"WebSite\",\"@id\":\"https:\\\/\\\/parquejaimeduque.com\\\/#website\",\"url\":\"https:\\\/\\\/parquejaimeduque.com\\\/\",\"name\":\"Fundaci\u00f3n Parque Jaime Duque\",\"description\":\"Somos una entidad sin \u00e1nimo de lucro, 100% colombiana que trabaja por la conservaci\u00f3n de la familia y el bienestar social, de la naturaleza y de la cultura, con el \u00fanico objetivo de servir a la comunidad promoviendo el bienestar de las generaciones actuales y futuras.\",\"publisher\":{\"@id\":\"https:\\\/\\\/parquejaimeduque.com\\\/#organization\"},\"potentialAction\":[{\"@type\":\"SearchAction\",\"target\":{\"@type\":\"EntryPoint\",\"urlTemplate\":\"https:\\\/\\\/parquejaimeduque.com\\\/?s={search_term_string}\"},\"query-input\":{\"@type\":\"PropertyValueSpecification\",\"valueRequired\":true,\"valueName\":\"search_term_string\"}}],\"inLanguage\":\"en-US\"},{\"@type\":\"Organization\",\"@id\":\"https:\\\/\\\/parquejaimeduque.com\\\/#organization\",\"name\":\"Fundaci\u00f3n Parque Jaime Duque\",\"url\":\"https:\\\/\\\/parquejaimeduque.com\\\/\",\"logo\":{\"@type\":\"ImageObject\",\"inLanguage\":\"en-US\",\"@id\":\"https:\\\/\\\/parquejaimeduque.com\\\/#\\\/schema\\\/logo\\\/image\\\/\",\"url\":\"https:\\\/\\\/parquejaimeduque.com\\\/wp-content\\\/uploads\\\/2025\\\/02\\\/cropped-Logo-FPJD-512-1.png\",\"contentUrl\":\"https:\\\/\\\/parquejaimeduque.com\\\/wp-content\\\/uploads\\\/2025\\\/02\\\/cropped-Logo-FPJD-512-1.png\",\"width\":512,\"height\":512,\"caption\":\"Fundaci\u00f3n Parque Jaime Duque\"},\"image\":{\"@id\":\"https:\\\/\\\/parquejaimeduque.com\\\/#\\\/schema\\\/logo\\\/image\\\/\"},\"sameAs\":[\"https:\\\/\\\/www.facebook.com\\\/ParqueJaimeDuque\",\"https:\\\/\\\/www.instagram.com\\\/parquejaimeduque\\\/\",\"https:\\\/\\\/www.tiktok.com\\\/@parquejaimeduque?_t=8WWpzcM9XE6&_r=1\",\"https:\\\/\\\/www.youtube.com\\\/user\\\/rtorres48\",\"https:\\\/\\\/co.linkedin.com\\\/company\\\/fundacion-parque-jaime-duque?trk=similar-pages\"]}]}<\/script>\n<!-- \/ Yoast SEO plugin. -->","yoast_head_json":{"title":"PQRSF Jaimeduqueanos - Jaime Duque Park Foundation","robots":{"index":"index","follow":"follow","max-snippet":"max-snippet:-1","max-image-preview":"max-image-preview:large","max-video-preview":"max-video-preview:-1"},"canonical":"https:\/\/parquejaimeduque.com\/en\/pqrs-jaimeduqueanos\/","og_locale":"en_US","og_type":"article","og_title":"PQRSF Jaimeduqueanos - Fundaci\u00f3n Parque Jaime Duque","og_description":"Registro de respuestas de los integrantes a procesos de preguntas, sugerencias, comentarios, felicitaciones y quejas. El presente formulario tiene el fin de conocer la versi\u00f3n del integrante en los procesos relacionados con Pregunta, Sugerencia, Comentario, Felicitaci\u00f3n o Queja; de esta manera ser\u00e1 posible contar con la informaci\u00f3n completa para el proceso de respuesta y adicionalmente [&hellip;]","og_url":"https:\/\/parquejaimeduque.com\/en\/pqrs-jaimeduqueanos\/","og_site_name":"Fundaci\u00f3n Parque Jaime Duque","article_publisher":"https:\/\/www.facebook.com\/ParqueJaimeDuque","article_modified_time":"2025-08-17T23:37:52+00:00","twitter_card":"summary_large_image","twitter_misc":{"Est. reading time":"1 minute"},"schema":{"@context":"https:\/\/schema.org","@graph":[{"@type":"WebPage","@id":"https:\/\/parquejaimeduque.com\/pqrs-jaimeduqueanos\/","url":"https:\/\/parquejaimeduque.com\/pqrs-jaimeduqueanos\/","name":"PQRSF Jaimeduqueanos - Jaime Duque Park Foundation","isPartOf":{"@id":"https:\/\/parquejaimeduque.com\/#website"},"datePublished":"2025-04-14T17:27:03+00:00","dateModified":"2025-08-17T23:37:52+00:00","breadcrumb":{"@id":"https:\/\/parquejaimeduque.com\/pqrs-jaimeduqueanos\/#breadcrumb"},"inLanguage":"en-US","potentialAction":[{"@type":"ReadAction","target":["https:\/\/parquejaimeduque.com\/pqrs-jaimeduqueanos\/"]}]},{"@type":"BreadcrumbList","@id":"https:\/\/parquejaimeduque.com\/pqrs-jaimeduqueanos\/#breadcrumb","itemListElement":[{"@type":"ListItem","position":1,"name":"Inicio","item":"https:\/\/parquejaimeduque.com\/"},{"@type":"ListItem","position":2,"name":"PQRSF Jaimeduqueanos"}]},{"@type":"WebSite","@id":"https:\/\/parquejaimeduque.com\/#website","url":"https:\/\/parquejaimeduque.com\/","name":"Parque Jaime Duque Foundation","description":"We are a non-profit organization, 100% Colombian, dedicated to the preservation of family and social well-being, nature, and culture, with the sole purpose of serving the community by promoting the well-being of current and future generations.","publisher":{"@id":"https:\/\/parquejaimeduque.com\/#organization"},"potentialAction":[{"@type":"SearchAction","target":{"@type":"EntryPoint","urlTemplate":"https:\/\/parquejaimeduque.com\/?s={search_term_string}"},"query-input":{"@type":"PropertyValueSpecification","valueRequired":true,"valueName":"search_term_string"}}],"inLanguage":"en-US"},{"@type":"Organization","@id":"https:\/\/parquejaimeduque.com\/#organization","name":"Parque Jaime Duque Foundation","url":"https:\/\/parquejaimeduque.com\/","logo":{"@type":"ImageObject","inLanguage":"en-US","@id":"https:\/\/parquejaimeduque.com\/#\/schema\/logo\/image\/","url":"https:\/\/parquejaimeduque.com\/wp-content\/uploads\/2025\/02\/cropped-Logo-FPJD-512-1.png","contentUrl":"https:\/\/parquejaimeduque.com\/wp-content\/uploads\/2025\/02\/cropped-Logo-FPJD-512-1.png","width":512,"height":512,"caption":"Fundaci\u00f3n Parque Jaime Duque"},"image":{"@id":"https:\/\/parquejaimeduque.com\/#\/schema\/logo\/image\/"},"sameAs":["https:\/\/www.facebook.com\/ParqueJaimeDuque","https:\/\/www.instagram.com\/parquejaimeduque\/","https:\/\/www.tiktok.com\/@parquejaimeduque?_t=8WWpzcM9XE6&_r=1","https:\/\/www.youtube.com\/user\/rtorres48","https:\/\/co.linkedin.com\/company\/fundacion-parque-jaime-duque?trk=similar-pages"]}]}},"_links":{"self":[{"href":"https:\/\/parquejaimeduque.com\/en\/wp-json\/wp\/v2\/pages\/16083","targetHints":{"allow":["GET"]}}],"collection":[{"href":"https:\/\/parquejaimeduque.com\/en\/wp-json\/wp\/v2\/pages"}],"about":[{"href":"https:\/\/parquejaimeduque.com\/en\/wp-json\/wp\/v2\/types\/page"}],"author":[{"embeddable":true,"href":"https:\/\/parquejaimeduque.com\/en\/wp-json\/wp\/v2\/users\/1"}],"replies":[{"embeddable":true,"href":"https:\/\/parquejaimeduque.com\/en\/wp-json\/wp\/v2\/comments?post=16083"}],"version-history":[{"count":0,"href":"https:\/\/parquejaimeduque.com\/en\/wp-json\/wp\/v2\/pages\/16083\/revisions"}],"wp:attachment":[{"href":"https:\/\/parquejaimeduque.com\/en\/wp-json\/wp\/v2\/media?parent=16083"}],"wp:term":[{"taxonomy":"folder","embeddable":true,"href":"https:\/\/parquejaimeduque.com\/en\/wp-json\/wp\/v2\/folder?post=16083"}],"curies":[{"name":"wp","href":"https:\/\/api.w.org\/{rel}","templated":true}]}}