{"id":17259,"date":"2025-04-25T11:11:36","date_gmt":"2025-04-25T16:11:36","guid":{"rendered":"http:\/\/localhost\/wordpress\/?page_id=17259"},"modified":"2026-04-10T09:08:39","modified_gmt":"2026-04-10T14:08:39","slug":"politica-de-sostenibilidad","status":"publish","type":"page","link":"https:\/\/parquejaimeduque.com\/pt\/politica-de-sostenibilidad\/","title":{"rendered":"Pol\u00edtica de Sustentabilidade"},"content":{"rendered":"<div data-elementor-type=\"wp-page\" data-elementor-id=\"17259\" class=\"elementor elementor-17259\" data-elementor-post-type=\"page\">\n\t\t\t\t<div class=\"elementor-element elementor-element-63a09b9 e-flex e-con-boxed e-con e-parent\" data-id=\"63a09b9\" data-element_type=\"container\" data-e-type=\"container\">\t\t\t<div class=\"e-con-inner\">\r\n\t\t\t\t<div class=\"elementor-element elementor-element-02d80f4 elementor-widget elementor-widget-heading\" data-id=\"02d80f4\" data-element_type=\"widget\" data-e-type=\"widget\" data-widget_type=\"heading.default\">\n\t\t\t\t\t<h2 class=\"elementor-heading-title elementor-size-default\">Pol\u00edtica de Sustentabilidade<\/h2>\t\t\t\t<\/div>\n\t\t\t\t<div class=\"elementor-element elementor-element-ad11fb6 elementor-widget-divider--view-line elementor-widget elementor-widget-divider\" data-id=\"ad11fb6\" data-element_type=\"widget\" data-e-type=\"widget\" data-widget_type=\"divider.default\">\n\t\t\t\t\t\t\t<div class=\"elementor-divider\">\n\t\t\t<span class=\"elementor-divider-separator\">\n\t\t\t\t\t\t<\/span>\n\t\t<\/div>\n\t\t\t\t\t\t<\/div>\n\t\t\t\t<div class=\"elementor-element elementor-element-061ea04 elementor-widget elementor-widget-text-editor\" data-id=\"061ea04\" data-element_type=\"widget\" data-e-type=\"widget\" data-widget_type=\"text-editor.default\">\n\t\t\t\t\t\t\t\t\t<p>En la <strong>FUNDACI\u00d3N PARQUE JAIME DUQUE<\/strong> entendemos la sostenibilidad como el desarrollo que satisface las necesidades del presente sin comprometer la capacidad de las futuras generaciones, garantizando el equilibrio entre el crecimiento econ\u00f3mico, el cuidado del medio ambiente y el bienestar social.<br \/>Contamos con tres objetivos misionales donde trabajamos por la conservaci\u00f3n de la naturaleza, de la cultura y de la familia y el bienestar social, bajo un modelo de negocio responsable y \u00e9tico que busca generar un impacto positivo en el desarrollo econ\u00f3mico de la regi\u00f3n. Trabajamos activamente en la transformaci\u00f3n del territorio, convirti\u00e9ndonos en un escenario modelo de recreaci\u00f3n sostenible y turismo con prop\u00f3sito.<br \/>De manera activa por medio de diferentes alianzas, fomentamos las pr\u00e1cticas de responsabilidad socio \u2013 ambiental con nuestros grupos de inter\u00e9s y desarrollamos diversas pr\u00e1cticas que aportan a 16 de los 17 ODS, como parte de nuestro compromiso con la sostenibilidad.<\/p><p><strong>EN LO AMBIENTAL<\/strong><\/p><p>Dentro de nuestro compromiso con la conservaci\u00f3n de la naturaleza, somos conscientes del reto que representa la construcci\u00f3n de paisajes sostenibles estando ubicados en una zona industrial, y de que en el desarrollo de nuestras actividades se ven involucrados recursos naturales; por esta raz\u00f3n, y considerando la responsabilidad socioambiental con la regi\u00f3n, nos comprometemos a:<\/p><ul><li>Planificar, poner en marcha, y mejorar continuamente un Sistema de Gesti\u00f3n Ambiental que se mantenga para dar cumplimiento con las actividades, procesos o estrategias que fomenten el uso eficiente de todos los recursos, reduciendo el impacto ambiental empresarial y generando una cultura de seguridad ambiental.<\/li><li>Planificar, poner en marcha, y mejorar continuamente el Sistema de Gesti\u00f3n Zero Waste (SGZW) optimizando el uso de recursos y minimizando la generaci\u00f3n de residuos. Para ello, adoptaremos estrategias de econom\u00eda circular basadas en las 3R y con las estrategias avanzadas (9 R), promoviendo la reducci\u00f3n, reutilizaci\u00f3n y reciclaje en todos nuestros procesos.<\/li><li>Realizar revisi\u00f3n y actualizaci\u00f3n anual de las metas y objetivos ambientales.<\/li><li>Velar por el cumplimiento de la legislaci\u00f3n ambiental vigente y las actividades complementarias con todos los actores aliados.<\/li><li>Desarrollar programas de formaci\u00f3n y fomentar el consumo responsable de recursos y las buenas pr\u00e1cticas ambientales entre el personal y los visitantes.<\/li><li>Apoyar y fomentar la preservaci\u00f3n de ecosistemas y especies nativas a partir de la investigaci\u00f3n, educaci\u00f3n ambiental, programas de conservaci\u00f3n y la aplicaci\u00f3n de la presente pol\u00edtica en todas las Reservas Naturales de la Sociedad Civil a cargo de la fundaci\u00f3n.<\/li><li>Propender por realizar acciones que den respuesta a los impactos producidos por el cambio clim\u00e1tico y nos permitan adaptarnos como organizaci\u00f3n.<\/li><li>Participar activamente en la mejora continua de la organizaci\u00f3n, incluyendo las mejoras ambientales.<\/li><\/ul><p><strong>EN LO SOCIAL, FAMILIAR Y CULTURAL<\/strong><\/p><p>Somos conscientes de la importancia de la familia para el desarrollo de la sociedad y de nuestra responsabilidad como organizaci\u00f3n para aportar al desarrollo social de nuestra zona de influencia, por lo tanto, nos comprometemos a:<\/p><p>\u00a0<\/p><ul><li>Crear un escenario para la recreaci\u00f3n familiar generando experiencias memorables que contribuyan a estrechar lazos entre los miembros de las familias.<\/li><li>Contratar a nuestros integrantes bajo el cumplimiento de todos los principios legales, y propendiendo porque sean habitantes principalmente de Tocancip\u00e1 y otros municipios aleda\u00f1os para aportar al desarrollo laboral de la regi\u00f3n.<\/li><li>Apoyar los emprendimientos locales para nuestras tiendas de recuerdos para brindar fuentes de trabajo a los emprendedores de la regi\u00f3n.<\/li><li>Trabajar con comunidades vecinas y alcald\u00edas locales en proyectos que beneficien y fortalezcan a la familia como n\u00facleo de la sociedad.<\/li><li>Compartir buenas pr\u00e1cticas de gesti\u00f3n de nuestros integrantes con otras empresas de la regi\u00f3n con la intenci\u00f3n de aumentar el compromiso empresarial por las personas y sus familias, puntualmente socializando nuestra experiencia como empresa efr (empresa familiarmente responsable), que busca la armonizaci\u00f3n de la vida personal, familiar y laboral.<\/li><li>Apoyar otras organizaciones sin \u00e1nimo de lucro que atienden a la poblaci\u00f3n m\u00e1s vulnerable de la regi\u00f3n, especialmente ni\u00f1os y adultos mayores.<\/li><li>Apoyar escuelas de formaci\u00f3n art\u00edstica de la regi\u00f3n, brindando el espacio para que los j\u00f3venes muestren sus habilidades musicales y art\u00edsticas.<\/li><li>Participar activamente en la mejora continua de la organizaci\u00f3n, particularmente en las de seguridad y salud en el trabajo.<\/li><\/ul><p><strong>EN LO ECON\u00d3MICO<\/strong><\/p><p>Al ser una entidad sin \u00e1nimo de lucro, buscamos ser muy responsables en el uso de los recursos por ello nos comprometemos a:<\/p><ul><li>Planear estrat\u00e9gicamente nuestras acciones para invertir eficientemente los recursos econ\u00f3micos que ingresan al Parque a trav\u00e9s de la visita de turistas a nuestras instalaciones con la intenci\u00f3n de que siempre existan excedentes para aportar a los proyectos sociales y de conservaci\u00f3n de la naturaleza con los que estamos comprometidos.<\/li><li>Buscar la innovaci\u00f3n en nuestros procesos para ser m\u00e1s eficientes con los recursos ambientales, econ\u00f3micos, y humanos que tenemos.<\/li><li>Buscar fuentes de financiaci\u00f3n alterna para llevar a cabo proyectos ambientales y sociales.<\/li><\/ul><p style=\"text-align: right;\"><span style=\"font-size: 10pt;\"><em>31 de marzo de 2025, Fundaci\u00f3n Parque Jaime Duque<\/em><\/span><\/p>\t\t\t\t\t\t\t\t<\/div>\n\t\t\t\t<div class=\"elementor-element elementor-element-ea410be elementor-align-center e-transform elementor-widget elementor-widget-button\" data-id=\"ea410be\" data-element_type=\"widget\" data-e-type=\"widget\" data-settings=\"{&quot;_transform_translateY_effect_hover&quot;:{&quot;unit&quot;:&quot;px&quot;,&quot;size&quot;:-2,&quot;sizes&quot;:[]},&quot;_transform_translateX_effect_hover&quot;:{&quot;unit&quot;:&quot;px&quot;,&quot;size&quot;:&quot;&quot;,&quot;sizes&quot;:[]},&quot;_transform_translateX_effect_hover_widescreen&quot;:{&quot;unit&quot;:&quot;px&quot;,&quot;size&quot;:&quot;&quot;,&quot;sizes&quot;:[]},&quot;_transform_translateX_effect_hover_laptop&quot;:{&quot;unit&quot;:&quot;px&quot;,&quot;size&quot;:&quot;&quot;,&quot;sizes&quot;:[]},&quot;_transform_translateX_effect_hover_tablet_extra&quot;:{&quot;unit&quot;:&quot;px&quot;,&quot;size&quot;:&quot;&quot;,&quot;sizes&quot;:[]},&quot;_transform_translateX_effect_hover_tablet&quot;:{&quot;unit&quot;:&quot;px&quot;,&quot;size&quot;:&quot;&quot;,&quot;sizes&quot;:[]},&quot;_transform_translateX_effect_hover_mobile_extra&quot;:{&quot;unit&quot;:&quot;px&quot;,&quot;size&quot;:&quot;&quot;,&quot;sizes&quot;:[]},&quot;_transform_translateX_effect_hover_mobile&quot;:{&quot;unit&quot;:&quot;px&quot;,&quot;size&quot;:&quot;&quot;,&quot;sizes&quot;:[]},&quot;_transform_translateY_effect_hover_widescreen&quot;:{&quot;unit&quot;:&quot;px&quot;,&quot;size&quot;:&quot;&quot;,&quot;sizes&quot;:[]},&quot;_transform_translateY_effect_hover_laptop&quot;:{&quot;unit&quot;:&quot;px&quot;,&quot;size&quot;:&quot;&quot;,&quot;sizes&quot;:[]},&quot;_transform_translateY_effect_hover_tablet_extra&quot;:{&quot;unit&quot;:&quot;px&quot;,&quot;size&quot;:&quot;&quot;,&quot;sizes&quot;:[]},&quot;_transform_translateY_effect_hover_tablet&quot;:{&quot;unit&quot;:&quot;px&quot;,&quot;size&quot;:&quot;&quot;,&quot;sizes&quot;:[]},&quot;_transform_translateY_effect_hover_mobile_extra&quot;:{&quot;unit&quot;:&quot;px&quot;,&quot;size&quot;:&quot;&quot;,&quot;sizes&quot;:[]},&quot;_transform_translateY_effect_hover_mobile&quot;:{&quot;unit&quot;:&quot;px&quot;,&quot;size&quot;:&quot;&quot;,&quot;sizes&quot;:[]}}\" data-widget_type=\"button.default\">\n\t\t\t\t\t\t\t\t\t\t<a class=\"elementor-button elementor-button-link elementor-size-sm\" href=\"https:\/\/parquejaimeduque.com\/wp-content\/uploads\/2025\/12\/POLITICA-DE-SOSTENIBILIDAD-2025.pdf\" target=\"_blank\" rel=\"nofollow\">\n\t\t\t\t\t\t<span class=\"elementor-button-content-wrapper\">\n\t\t\t\t\t\t<span class=\"elementor-button-icon\">\n\t\t\t\t<i aria-hidden=\"true\" class=\"fas fa-external-link-alt\"><\/i>\t\t\t<\/span>\n\t\t\t\t\t\t\t\t\t<span class=\"elementor-button-text\">Descargar documento<\/span>\n\t\t\t\t\t<\/span>\n\t\t\t\t\t<\/a>\n\t\t\t\t\t\t\t\t<\/div>\n\t\t\t\t\t<\/div>\r\n\t\t\t\t<\/div>\r\n\t\t<div class=\"elementor-element elementor-element-2dd27d9 e-flex e-con-boxed e-con e-parent\" data-id=\"2dd27d9\" data-element_type=\"container\" data-e-type=\"container\">\t\t\t<div class=\"e-con-inner\">\r\n\t\t\t\t<div class=\"elementor-element elementor-element-5953205 elementor-widget elementor-widget-spacer\" data-id=\"5953205\" data-element_type=\"widget\" data-e-type=\"widget\" data-widget_type=\"spacer.default\">\n\t\t\t\t\t\t\t<div class=\"elementor-spacer\">\n\t\t\t<div class=\"elementor-spacer-inner\"><\/div>\n\t\t<\/div>\n\t\t\t\t\t\t<\/div>\n\t\t\t\t\t<\/div>\r\n\t\t\t\t<\/div>\r\n\t\t\t\t<\/div>","protected":false},"excerpt":{"rendered":"<p>Pol\u00edtica de Sostenibilidad En la FUNDACI\u00d3N PARQUE JAIME DUQUE entendemos la sostenibilidad como el desarrollo que satisface las necesidades del presente sin comprometer la capacidad de las futuras generaciones, garantizando el equilibrio entre el crecimiento econ\u00f3mico, el cuidado del medio ambiente y el bienestar social.Contamos con tres objetivos misionales donde trabajamos por la conservaci\u00f3n de [&hellip;]<\/p>\n","protected":false},"author":1,"featured_media":0,"parent":0,"menu_order":0,"comment_status":"closed","ping_status":"closed","template":"","meta":{"footnotes":""},"folder":[],"class_list":["post-17259","page","type-page","status-publish","hentry"],"yoast_head":"<!-- This site is optimized with the Yoast SEO plugin v27.3 - https:\/\/yoast.com\/product\/yoast-seo-wordpress\/ -->\n<title>Pol\u00edtica de Sostenibilidad - Fundaci\u00f3n Parque Jaime Duque<\/title>\n<meta name=\"description\" content=\"Pol\u00edtica de Sostenibilidad con enfoque \u00e9tico, ambiental y social, alineada a los ODS y al desarrollo responsable del territorio.\" \/>\n<meta name=\"robots\" content=\"index, follow, max-snippet:-1, max-image-preview:large, max-video-preview:-1\" \/>\n<link rel=\"canonical\" href=\"https:\/\/parquejaimeduque.com\/pt\/politica-de-sostenibilidad\/\" \/>\n<meta property=\"og:locale\" content=\"pt_BR\" \/>\n<meta property=\"og:type\" content=\"article\" \/>\n<meta property=\"og:title\" content=\"Pol\u00edtica de Sostenibilidad - Fundaci\u00f3n Parque Jaime Duque\" \/>\n<meta property=\"og:description\" content=\"Pol\u00edtica de Sostenibilidad con enfoque \u00e9tico, ambiental y social, alineada a los ODS y al desarrollo responsable del territorio.\" \/>\n<meta property=\"og:url\" content=\"https:\/\/parquejaimeduque.com\/pt\/politica-de-sostenibilidad\/\" \/>\n<meta property=\"og:site_name\" content=\"Fundaci\u00f3n Parque Jaime Duque\" \/>\n<meta property=\"article:publisher\" content=\"https:\/\/www.facebook.com\/ParqueJaimeDuque\" \/>\n<meta property=\"article:modified_time\" content=\"2026-04-10T14:08:39+00:00\" \/>\n<meta name=\"twitter:card\" content=\"summary_large_image\" \/>\n<meta name=\"twitter:label1\" content=\"Est. tempo de leitura\" \/>\n\t<meta name=\"twitter:data1\" content=\"4 minutos\" \/>\n<script type=\"application\/ld+json\" class=\"yoast-schema-graph\">{\"@context\":\"https:\\\/\\\/schema.org\",\"@graph\":[{\"@type\":\"WebPage\",\"@id\":\"https:\\\/\\\/parquejaimeduque.com\\\/politica-de-sostenibilidad\\\/\",\"url\":\"https:\\\/\\\/parquejaimeduque.com\\\/politica-de-sostenibilidad\\\/\",\"name\":\"Pol\u00edtica de Sostenibilidad - Fundaci\u00f3n Parque Jaime Duque\",\"isPartOf\":{\"@id\":\"https:\\\/\\\/parquejaimeduque.com\\\/#website\"},\"datePublished\":\"2025-04-25T16:11:36+00:00\",\"dateModified\":\"2026-04-10T14:08:39+00:00\",\"description\":\"Pol\u00edtica de Sostenibilidad con enfoque \u00e9tico, ambiental y social, alineada a los ODS y al desarrollo responsable del territorio.\",\"breadcrumb\":{\"@id\":\"https:\\\/\\\/parquejaimeduque.com\\\/politica-de-sostenibilidad\\\/#breadcrumb\"},\"inLanguage\":\"pt-BR\",\"potentialAction\":[{\"@type\":\"ReadAction\",\"target\":[\"https:\\\/\\\/parquejaimeduque.com\\\/politica-de-sostenibilidad\\\/\"]}]},{\"@type\":\"BreadcrumbList\",\"@id\":\"https:\\\/\\\/parquejaimeduque.com\\\/politica-de-sostenibilidad\\\/#breadcrumb\",\"itemListElement\":[{\"@type\":\"ListItem\",\"position\":1,\"name\":\"Inicio\",\"item\":\"https:\\\/\\\/parquejaimeduque.com\\\/\"},{\"@type\":\"ListItem\",\"position\":2,\"name\":\"Pol\u00edtica de Sostenibilidad\"}]},{\"@type\":\"WebSite\",\"@id\":\"https:\\\/\\\/parquejaimeduque.com\\\/#website\",\"url\":\"https:\\\/\\\/parquejaimeduque.com\\\/\",\"name\":\"Fundaci\u00f3n Parque Jaime Duque\",\"description\":\"Somos una entidad sin \u00e1nimo de lucro, 100% colombiana que trabaja por la conservaci\u00f3n de la familia y el bienestar social, de la naturaleza y de la cultura, con el \u00fanico objetivo de servir a la comunidad promoviendo el bienestar de las generaciones actuales y futuras.\",\"publisher\":{\"@id\":\"https:\\\/\\\/parquejaimeduque.com\\\/#organization\"},\"potentialAction\":[{\"@type\":\"SearchAction\",\"target\":{\"@type\":\"EntryPoint\",\"urlTemplate\":\"https:\\\/\\\/parquejaimeduque.com\\\/?s={search_term_string}\"},\"query-input\":{\"@type\":\"PropertyValueSpecification\",\"valueRequired\":true,\"valueName\":\"search_term_string\"}}],\"inLanguage\":\"pt-BR\"},{\"@type\":\"Organization\",\"@id\":\"https:\\\/\\\/parquejaimeduque.com\\\/#organization\",\"name\":\"Fundaci\u00f3n Parque Jaime Duque\",\"url\":\"https:\\\/\\\/parquejaimeduque.com\\\/\",\"logo\":{\"@type\":\"ImageObject\",\"inLanguage\":\"pt-BR\",\"@id\":\"https:\\\/\\\/parquejaimeduque.com\\\/#\\\/schema\\\/logo\\\/image\\\/\",\"url\":\"https:\\\/\\\/parquejaimeduque.com\\\/wp-content\\\/uploads\\\/2025\\\/02\\\/cropped-Logo-FPJD-512-1.png\",\"contentUrl\":\"https:\\\/\\\/parquejaimeduque.com\\\/wp-content\\\/uploads\\\/2025\\\/02\\\/cropped-Logo-FPJD-512-1.png\",\"width\":512,\"height\":512,\"caption\":\"Fundaci\u00f3n Parque Jaime Duque\"},\"image\":{\"@id\":\"https:\\\/\\\/parquejaimeduque.com\\\/#\\\/schema\\\/logo\\\/image\\\/\"},\"sameAs\":[\"https:\\\/\\\/www.facebook.com\\\/ParqueJaimeDuque\",\"https:\\\/\\\/www.instagram.com\\\/parquejaimeduque\\\/\",\"https:\\\/\\\/www.tiktok.com\\\/@parquejaimeduque?_t=8WWpzcM9XE6&_r=1\",\"https:\\\/\\\/www.youtube.com\\\/user\\\/rtorres48\",\"https:\\\/\\\/co.linkedin.com\\\/company\\\/fundacion-parque-jaime-duque?trk=similar-pages\"]}]}<\/script>\n<!-- \/ Yoast SEO plugin. -->","yoast_head_json":{"title":"Pol\u00edtica de Sostenibilidad - Fundaci\u00f3n Parque Jaime Duque","description":"Pol\u00edtica de Sostenibilidad con enfoque \u00e9tico, ambiental y social, alineada a los ODS y al desarrollo responsable del territorio.","robots":{"index":"index","follow":"follow","max-snippet":"max-snippet:-1","max-image-preview":"max-image-preview:large","max-video-preview":"max-video-preview:-1"},"canonical":"https:\/\/parquejaimeduque.com\/pt\/politica-de-sostenibilidad\/","og_locale":"pt_BR","og_type":"article","og_title":"Pol\u00edtica de Sostenibilidad - Fundaci\u00f3n Parque Jaime Duque","og_description":"Pol\u00edtica de Sostenibilidad con enfoque \u00e9tico, ambiental y social, alineada a los ODS y al desarrollo responsable del territorio.","og_url":"https:\/\/parquejaimeduque.com\/pt\/politica-de-sostenibilidad\/","og_site_name":"Fundaci\u00f3n Parque Jaime Duque","article_publisher":"https:\/\/www.facebook.com\/ParqueJaimeDuque","article_modified_time":"2026-04-10T14:08:39+00:00","twitter_card":"summary_large_image","twitter_misc":{"Est. tempo de leitura":"4 minutos"},"schema":{"@context":"https:\/\/schema.org","@graph":[{"@type":"WebPage","@id":"https:\/\/parquejaimeduque.com\/politica-de-sostenibilidad\/","url":"https:\/\/parquejaimeduque.com\/politica-de-sostenibilidad\/","name":"Pol\u00edtica de Sostenibilidad - Fundaci\u00f3n Parque Jaime Duque","isPartOf":{"@id":"https:\/\/parquejaimeduque.com\/#website"},"datePublished":"2025-04-25T16:11:36+00:00","dateModified":"2026-04-10T14:08:39+00:00","description":"Pol\u00edtica de Sostenibilidad con enfoque \u00e9tico, ambiental y social, alineada a los ODS y al desarrollo responsable del territorio.","breadcrumb":{"@id":"https:\/\/parquejaimeduque.com\/politica-de-sostenibilidad\/#breadcrumb"},"inLanguage":"pt-BR","potentialAction":[{"@type":"ReadAction","target":["https:\/\/parquejaimeduque.com\/politica-de-sostenibilidad\/"]}]},{"@type":"BreadcrumbList","@id":"https:\/\/parquejaimeduque.com\/politica-de-sostenibilidad\/#breadcrumb","itemListElement":[{"@type":"ListItem","position":1,"name":"Inicio","item":"https:\/\/parquejaimeduque.com\/"},{"@type":"ListItem","position":2,"name":"Pol\u00edtica de Sostenibilidad"}]},{"@type":"WebSite","@id":"https:\/\/parquejaimeduque.com\/#website","url":"https:\/\/parquejaimeduque.com\/","name":"Funda\u00e7\u00e3o Parque Jaime Duque","description":"Somos uma organiza\u00e7\u00e3o colombiana sem fins lucrativos que trabalha para a conserva\u00e7\u00e3o da fam\u00edlia e do bem-estar social, da natureza e da cultura, com o \u00fanico objetivo de servir a comunidade e promover o bem-estar das gera\u00e7\u00f5es atuais e futuras.","publisher":{"@id":"https:\/\/parquejaimeduque.com\/#organization"},"potentialAction":[{"@type":"SearchAction","target":{"@type":"EntryPoint","urlTemplate":"https:\/\/parquejaimeduque.com\/?s={search_term_string}"},"query-input":{"@type":"PropertyValueSpecification","valueRequired":true,"valueName":"search_term_string"}}],"inLanguage":"pt-BR"},{"@type":"Organization","@id":"https:\/\/parquejaimeduque.com\/#organization","name":"Funda\u00e7\u00e3o Parque Jaime Duque","url":"https:\/\/parquejaimeduque.com\/","logo":{"@type":"ImageObject","inLanguage":"pt-BR","@id":"https:\/\/parquejaimeduque.com\/#\/schema\/logo\/image\/","url":"https:\/\/parquejaimeduque.com\/wp-content\/uploads\/2025\/02\/cropped-Logo-FPJD-512-1.png","contentUrl":"https:\/\/parquejaimeduque.com\/wp-content\/uploads\/2025\/02\/cropped-Logo-FPJD-512-1.png","width":512,"height":512,"caption":"Fundaci\u00f3n Parque Jaime Duque"},"image":{"@id":"https:\/\/parquejaimeduque.com\/#\/schema\/logo\/image\/"},"sameAs":["https:\/\/www.facebook.com\/ParqueJaimeDuque","https:\/\/www.instagram.com\/parquejaimeduque\/","https:\/\/www.tiktok.com\/@parquejaimeduque?_t=8WWpzcM9XE6&_r=1","https:\/\/www.youtube.com\/user\/rtorres48","https:\/\/co.linkedin.com\/company\/fundacion-parque-jaime-duque?trk=similar-pages"]}]}},"_links":{"self":[{"href":"https:\/\/parquejaimeduque.com\/pt\/wp-json\/wp\/v2\/pages\/17259","targetHints":{"allow":["GET"]}}],"collection":[{"href":"https:\/\/parquejaimeduque.com\/pt\/wp-json\/wp\/v2\/pages"}],"about":[{"href":"https:\/\/parquejaimeduque.com\/pt\/wp-json\/wp\/v2\/types\/page"}],"author":[{"embeddable":true,"href":"https:\/\/parquejaimeduque.com\/pt\/wp-json\/wp\/v2\/users\/1"}],"replies":[{"embeddable":true,"href":"https:\/\/parquejaimeduque.com\/pt\/wp-json\/wp\/v2\/comments?post=17259"}],"version-history":[{"count":3,"href":"https:\/\/parquejaimeduque.com\/pt\/wp-json\/wp\/v2\/pages\/17259\/revisions"}],"predecessor-version":[{"id":26843,"href":"https:\/\/parquejaimeduque.com\/pt\/wp-json\/wp\/v2\/pages\/17259\/revisions\/26843"}],"wp:attachment":[{"href":"https:\/\/parquejaimeduque.com\/pt\/wp-json\/wp\/v2\/media?parent=17259"}],"wp:term":[{"taxonomy":"folder","embeddable":true,"href":"https:\/\/parquejaimeduque.com\/pt\/wp-json\/wp\/v2\/folder?post=17259"}],"curies":[{"name":"wp","href":"https:\/\/api.w.org\/{rel}","templated":true}]}}