{"id":19180,"date":"2025-05-22T12:03:09","date_gmt":"2025-05-22T17:03:09","guid":{"rendered":"https:\/\/parquejaimeduque.com\/accessibility-statement-2\/"},"modified":"2025-06-25T14:36:57","modified_gmt":"2025-06-25T19:36:57","slug":"declaracion-accesibilidad","status":"publish","type":"page","link":"https:\/\/parquejaimeduque.com\/pt\/declaracion-accesibilidad\/","title":{"rendered":"Declara\u00e7\u00e3o de acessibilidade"},"content":{"rendered":"<div data-elementor-type=\"wp-page\" data-elementor-id=\"19180\" class=\"elementor elementor-19180\" data-elementor-post-type=\"page\">\n\t\t\t\t<div class=\"elementor-element elementor-element-9f9393e e-flex e-con-boxed e-con e-parent\" data-id=\"9f9393e\" data-element_type=\"container\" data-e-type=\"container\">\t\t\t<div class=\"e-con-inner\">\r\n\t\t\t\t<div class=\"elementor-element elementor-element-ad55a62 elementor-widget elementor-widget-heading\" data-id=\"ad55a62\" data-element_type=\"widget\" data-e-type=\"widget\" data-widget_type=\"heading.default\">\n\t\t\t\t\t<h2 class=\"elementor-heading-title elementor-size-default\">Declaraci\u00f3n de Accesibilidad<\/h2>\t\t\t\t<\/div>\n\t\t\t\t<div class=\"elementor-element elementor-element-437be0f elementor-widget-divider--view-line elementor-widget elementor-widget-divider\" data-id=\"437be0f\" data-element_type=\"widget\" data-e-type=\"widget\" data-widget_type=\"divider.default\">\n\t\t\t\t\t\t\t<div class=\"elementor-divider\">\n\t\t\t<span class=\"elementor-divider-separator\">\n\t\t\t\t\t\t<\/span>\n\t\t<\/div>\n\t\t\t\t\t\t<\/div>\n\t\t\t\t<div class=\"elementor-element elementor-element-65c9d52 elementor-widget elementor-widget-text-editor\" data-id=\"65c9d52\" data-element_type=\"widget\" data-e-type=\"widget\" data-widget_type=\"text-editor.default\">\n\t\t\t\t\t\t\t\t\t<p data-start=\"371\" data-end=\"838\">En la <strong data-start=\"377\" data-end=\"409\">Funda\u00e7\u00e3o Parque Jaime Duque<\/strong> nos comprometemos con la inclusi\u00f3n y el acceso equitativo a la informaci\u00f3n para todas las personas, sin importar sus capacidades. Por ello, trabajamos de forma continua para garantizar que nuestro sitio web cumpla con los est\u00e1ndares de accesibilidad digital establecidos por la <strong data-start=\"688\" data-end=\"729\">Iniciativa de Accesibilidad Web (WAI)<\/strong> del <strong data-start=\"734\" data-end=\"741\">W3C<\/strong>, siguiendo las <strong data-start=\"757\" data-end=\"818\">Pautas de Accesibilidad al Contenido en la Web (WCAG) 2.1<\/strong> en su nivel <strong data-start=\"831\" data-end=\"837\">AA<\/strong>.<\/p><p data-start=\"371\" data-end=\"838\">\u00a0<\/p><h4 data-start=\"840\" data-end=\"870\"><strong data-start=\"845\" data-end=\"870\">Medidas implementadas<\/strong><\/h4><ul><li data-start=\"871\" data-end=\"975\">Para asegurar un sitio web accesible y f\u00e1cil de usar, hemos implementado diversas acciones, entre ellas:<\/li><li data-start=\"871\" data-end=\"975\">Uso del <strong data-start=\"987\" data-end=\"1020\">pluggin Ally de accesibilidad<\/strong>, que eval\u00faa de forma autom\u00e1tica el contenido digital y sugiere mejoras para asegurar su comprensi\u00f3n y navegaci\u00f3n por parte de personas con diferentes discapacidades.<\/li><li data-start=\"871\" data-end=\"975\">Revisi\u00f3n continua de la estructura, colores, contraste, navegaci\u00f3n mediante teclado y compatibilidad con lectores de pantalla.<\/li><li data-start=\"871\" data-end=\"975\">Etiquetado correcto de im\u00e1genes y elementos interactivos.<\/li><li data-start=\"871\" data-end=\"975\">Redacci\u00f3n de contenidos claros y jer\u00e1rquicos.<\/li><li data-start=\"871\" data-end=\"975\">Evaluaciones peri\u00f3dicas para detectar y corregir barreras de accesibilidad.<\/li><\/ul><h4 data-start=\"1503\" data-end=\"1533\">\u00a0<\/h4><h4 data-start=\"1503\" data-end=\"1533\"><strong data-start=\"1508\" data-end=\"1533\">Estado de conformidad<\/strong><\/h4><p data-start=\"1534\" data-end=\"1785\">Actualmente, el sitio web de la Fundaci\u00f3n Parque Jaime Duque <strong data-start=\"1595\" data-end=\"1618\">cumple parcialmente<\/strong> con las pautas WCAG 2.1 nivel AA. Continuamos trabajando activamente para mejorar la accesibilidad general del sitio, con el fin de alcanzar una conformidad completa.<\/p><h4 data-start=\"1787\" data-end=\"1813\">\u00a0<\/h4><h4 data-start=\"1787\" data-end=\"1813\"><strong data-start=\"1792\" data-end=\"1813\">Retroalimentaci\u00f3n<\/strong><\/h4><p data-start=\"1814\" data-end=\"1972\">Estamos comprometidos con la mejora continua. Si encuentras barreras de accesibilidad o tienes sugerencias para mejorar nuestra p\u00e1gina, por favor cont\u00e1ctanos:<\/p><p data-start=\"1974\" data-end=\"2151\"><strong data-start=\"1977\" data-end=\"2000\">E-mail:<\/strong> <a href=\"mailto:info@parquejaimeduque.com\">info@parquejaimeduque.com<\/a><br data-start=\"2038\" data-end=\"2041\" \/><strong data-start=\"2044\" data-end=\"2057\">Tel\u00e9fono:<\/strong> (+57) 314 695 9022<br data-start=\"2076\" data-end=\"2079\" \/><strong data-start=\"2083\" data-end=\"2097\">Direcci\u00f3n:<\/strong> Parque Jaime Duque, Tocancip\u00e1, Cundinamarca, Colombia<\/p><h4 data-start=\"2153\" data-end=\"2194\">\u00a0<\/h4><h4 data-start=\"2153\" data-end=\"2194\"><strong data-start=\"2158\" data-end=\"2194\">Fecha de la \u00faltima actualizaci\u00f3n<\/strong><\/h4><p data-start=\"2195\" data-end=\"2214\">25 de mayo de 2025<\/p>\t\t\t\t\t\t\t\t<\/div>\n\t\t\t\t\t<\/div>\r\n\t\t\t\t<\/div>\r\n\t\t\t\t<\/div>","protected":false},"excerpt":{"rendered":"","protected":false},"author":1,"featured_media":0,"parent":0,"menu_order":0,"comment_status":"closed","ping_status":"closed","template":"","meta":{"footnotes":""},"folder":[],"class_list":["post-19180","page","type-page","status-publish","hentry"],"yoast_head":"<!-- This site is optimized with the Yoast SEO plugin v27.4 - https:\/\/yoast.com\/product\/yoast-seo-wordpress\/ -->\n<title>Declaraci\u00f3n de accesibilidad - Fundaci\u00f3n Parque Jaime Duque<\/title>\n<meta name=\"description\" content=\"Por medio de esta declaraci\u00f3n de accesibilidad adquirimos el compromiso con la accesibilidad web en la Fundaci\u00f3n Parque Jaime Duque.\" \/>\n<meta name=\"robots\" content=\"index, follow, max-snippet:-1, max-image-preview:large, max-video-preview:-1\" \/>\n<link rel=\"canonical\" href=\"https:\/\/parquejaimeduque.com\/pt\/declaracion-accesibilidad\/\" \/>\n<meta property=\"og:locale\" content=\"pt_BR\" \/>\n<meta property=\"og:type\" content=\"article\" \/>\n<meta property=\"og:title\" content=\"Declaraci\u00f3n de accesibilidad - Fundaci\u00f3n Parque Jaime Duque\" \/>\n<meta property=\"og:description\" content=\"Por medio de esta declaraci\u00f3n de accesibilidad adquirimos el compromiso con la accesibilidad web en la Fundaci\u00f3n Parque Jaime Duque.\" \/>\n<meta property=\"og:url\" content=\"https:\/\/parquejaimeduque.com\/pt\/declaracion-accesibilidad\/\" \/>\n<meta property=\"og:site_name\" content=\"Fundaci\u00f3n Parque Jaime Duque\" \/>\n<meta property=\"article:publisher\" content=\"https:\/\/www.facebook.com\/ParqueJaimeDuque\" \/>\n<meta property=\"article:modified_time\" content=\"2025-06-25T19:36:57+00:00\" \/>\n<meta name=\"twitter:card\" content=\"summary_large_image\" \/>\n<script type=\"application\/ld+json\" class=\"yoast-schema-graph\">{\"@context\":\"https:\\\/\\\/schema.org\",\"@graph\":[{\"@type\":\"WebPage\",\"@id\":\"https:\\\/\\\/parquejaimeduque.com\\\/declaracion-accesibilidad\\\/\",\"url\":\"https:\\\/\\\/parquejaimeduque.com\\\/declaracion-accesibilidad\\\/\",\"name\":\"Declaraci\u00f3n de accesibilidad - Fundaci\u00f3n Parque Jaime Duque\",\"isPartOf\":{\"@id\":\"https:\\\/\\\/parquejaimeduque.com\\\/#website\"},\"datePublished\":\"2025-05-22T17:03:09+00:00\",\"dateModified\":\"2025-06-25T19:36:57+00:00\",\"description\":\"Por medio de esta declaraci\u00f3n de accesibilidad adquirimos el compromiso con la accesibilidad web en la Fundaci\u00f3n Parque Jaime Duque.\",\"breadcrumb\":{\"@id\":\"https:\\\/\\\/parquejaimeduque.com\\\/declaracion-accesibilidad\\\/#breadcrumb\"},\"inLanguage\":\"pt-BR\",\"potentialAction\":[{\"@type\":\"ReadAction\",\"target\":[\"https:\\\/\\\/parquejaimeduque.com\\\/declaracion-accesibilidad\\\/\"]}]},{\"@type\":\"BreadcrumbList\",\"@id\":\"https:\\\/\\\/parquejaimeduque.com\\\/declaracion-accesibilidad\\\/#breadcrumb\",\"itemListElement\":[{\"@type\":\"ListItem\",\"position\":1,\"name\":\"Inicio\",\"item\":\"https:\\\/\\\/parquejaimeduque.com\\\/\"},{\"@type\":\"ListItem\",\"position\":2,\"name\":\"Declaraci\u00f3n de accesibilidad\"}]},{\"@type\":\"WebSite\",\"@id\":\"https:\\\/\\\/parquejaimeduque.com\\\/#website\",\"url\":\"https:\\\/\\\/parquejaimeduque.com\\\/\",\"name\":\"Fundaci\u00f3n Parque Jaime Duque\",\"description\":\"Somos una entidad sin \u00e1nimo de lucro, 100% colombiana que trabaja por la conservaci\u00f3n de la familia y el bienestar social, de la naturaleza y de la cultura, con el \u00fanico objetivo de servir a la comunidad promoviendo el bienestar de las generaciones actuales y futuras.\",\"publisher\":{\"@id\":\"https:\\\/\\\/parquejaimeduque.com\\\/#organization\"},\"potentialAction\":[{\"@type\":\"SearchAction\",\"target\":{\"@type\":\"EntryPoint\",\"urlTemplate\":\"https:\\\/\\\/parquejaimeduque.com\\\/?s={search_term_string}\"},\"query-input\":{\"@type\":\"PropertyValueSpecification\",\"valueRequired\":true,\"valueName\":\"search_term_string\"}}],\"inLanguage\":\"pt-BR\"},{\"@type\":\"Organization\",\"@id\":\"https:\\\/\\\/parquejaimeduque.com\\\/#organization\",\"name\":\"Fundaci\u00f3n Parque Jaime Duque\",\"url\":\"https:\\\/\\\/parquejaimeduque.com\\\/\",\"logo\":{\"@type\":\"ImageObject\",\"inLanguage\":\"pt-BR\",\"@id\":\"https:\\\/\\\/parquejaimeduque.com\\\/#\\\/schema\\\/logo\\\/image\\\/\",\"url\":\"https:\\\/\\\/parquejaimeduque.com\\\/wp-content\\\/uploads\\\/2025\\\/02\\\/cropped-Logo-FPJD-512-1.png\",\"contentUrl\":\"https:\\\/\\\/parquejaimeduque.com\\\/wp-content\\\/uploads\\\/2025\\\/02\\\/cropped-Logo-FPJD-512-1.png\",\"width\":512,\"height\":512,\"caption\":\"Fundaci\u00f3n Parque Jaime Duque\"},\"image\":{\"@id\":\"https:\\\/\\\/parquejaimeduque.com\\\/#\\\/schema\\\/logo\\\/image\\\/\"},\"sameAs\":[\"https:\\\/\\\/www.facebook.com\\\/ParqueJaimeDuque\",\"https:\\\/\\\/www.instagram.com\\\/parquejaimeduque\\\/\",\"https:\\\/\\\/www.tiktok.com\\\/@parquejaimeduque?_t=8WWpzcM9XE6&_r=1\",\"https:\\\/\\\/www.youtube.com\\\/user\\\/rtorres48\",\"https:\\\/\\\/co.linkedin.com\\\/company\\\/fundacion-parque-jaime-duque?trk=similar-pages\"]}]}<\/script>\n<!-- \/ Yoast SEO plugin. -->","yoast_head_json":{"title":"Declaraci\u00f3n de accesibilidad - Fundaci\u00f3n Parque Jaime Duque","description":"Por medio de esta declaraci\u00f3n de accesibilidad adquirimos el compromiso con la accesibilidad web en la Fundaci\u00f3n Parque Jaime Duque.","robots":{"index":"index","follow":"follow","max-snippet":"max-snippet:-1","max-image-preview":"max-image-preview:large","max-video-preview":"max-video-preview:-1"},"canonical":"https:\/\/parquejaimeduque.com\/pt\/declaracion-accesibilidad\/","og_locale":"pt_BR","og_type":"article","og_title":"Declaraci\u00f3n de accesibilidad - Fundaci\u00f3n Parque Jaime Duque","og_description":"Por medio de esta declaraci\u00f3n de accesibilidad adquirimos el compromiso con la accesibilidad web en la Fundaci\u00f3n Parque Jaime Duque.","og_url":"https:\/\/parquejaimeduque.com\/pt\/declaracion-accesibilidad\/","og_site_name":"Fundaci\u00f3n Parque Jaime Duque","article_publisher":"https:\/\/www.facebook.com\/ParqueJaimeDuque","article_modified_time":"2025-06-25T19:36:57+00:00","twitter_card":"summary_large_image","schema":{"@context":"https:\/\/schema.org","@graph":[{"@type":"WebPage","@id":"https:\/\/parquejaimeduque.com\/declaracion-accesibilidad\/","url":"https:\/\/parquejaimeduque.com\/declaracion-accesibilidad\/","name":"Declaraci\u00f3n de accesibilidad - Fundaci\u00f3n Parque Jaime Duque","isPartOf":{"@id":"https:\/\/parquejaimeduque.com\/#website"},"datePublished":"2025-05-22T17:03:09+00:00","dateModified":"2025-06-25T19:36:57+00:00","description":"Por medio de esta declaraci\u00f3n de accesibilidad adquirimos el compromiso con la accesibilidad web en la Fundaci\u00f3n Parque Jaime Duque.","breadcrumb":{"@id":"https:\/\/parquejaimeduque.com\/declaracion-accesibilidad\/#breadcrumb"},"inLanguage":"pt-BR","potentialAction":[{"@type":"ReadAction","target":["https:\/\/parquejaimeduque.com\/declaracion-accesibilidad\/"]}]},{"@type":"BreadcrumbList","@id":"https:\/\/parquejaimeduque.com\/declaracion-accesibilidad\/#breadcrumb","itemListElement":[{"@type":"ListItem","position":1,"name":"Inicio","item":"https:\/\/parquejaimeduque.com\/"},{"@type":"ListItem","position":2,"name":"Declaraci\u00f3n de accesibilidad"}]},{"@type":"WebSite","@id":"https:\/\/parquejaimeduque.com\/#website","url":"https:\/\/parquejaimeduque.com\/","name":"Funda\u00e7\u00e3o Parque Jaime Duque","description":"Somos uma organiza\u00e7\u00e3o colombiana sem fins lucrativos que trabalha para a conserva\u00e7\u00e3o da fam\u00edlia e do bem-estar social, da natureza e da cultura, com o \u00fanico objetivo de servir a comunidade e promover o bem-estar das gera\u00e7\u00f5es atuais e futuras.","publisher":{"@id":"https:\/\/parquejaimeduque.com\/#organization"},"potentialAction":[{"@type":"SearchAction","target":{"@type":"EntryPoint","urlTemplate":"https:\/\/parquejaimeduque.com\/?s={search_term_string}"},"query-input":{"@type":"PropertyValueSpecification","valueRequired":true,"valueName":"search_term_string"}}],"inLanguage":"pt-BR"},{"@type":"Organization","@id":"https:\/\/parquejaimeduque.com\/#organization","name":"Funda\u00e7\u00e3o Parque Jaime Duque","url":"https:\/\/parquejaimeduque.com\/","logo":{"@type":"ImageObject","inLanguage":"pt-BR","@id":"https:\/\/parquejaimeduque.com\/#\/schema\/logo\/image\/","url":"https:\/\/parquejaimeduque.com\/wp-content\/uploads\/2025\/02\/cropped-Logo-FPJD-512-1.png","contentUrl":"https:\/\/parquejaimeduque.com\/wp-content\/uploads\/2025\/02\/cropped-Logo-FPJD-512-1.png","width":512,"height":512,"caption":"Fundaci\u00f3n Parque Jaime Duque"},"image":{"@id":"https:\/\/parquejaimeduque.com\/#\/schema\/logo\/image\/"},"sameAs":["https:\/\/www.facebook.com\/ParqueJaimeDuque","https:\/\/www.instagram.com\/parquejaimeduque\/","https:\/\/www.tiktok.com\/@parquejaimeduque?_t=8WWpzcM9XE6&_r=1","https:\/\/www.youtube.com\/user\/rtorres48","https:\/\/co.linkedin.com\/company\/fundacion-parque-jaime-duque?trk=similar-pages"]}]}},"_links":{"self":[{"href":"https:\/\/parquejaimeduque.com\/pt\/wp-json\/wp\/v2\/pages\/19180","targetHints":{"allow":["GET"]}}],"collection":[{"href":"https:\/\/parquejaimeduque.com\/pt\/wp-json\/wp\/v2\/pages"}],"about":[{"href":"https:\/\/parquejaimeduque.com\/pt\/wp-json\/wp\/v2\/types\/page"}],"author":[{"embeddable":true,"href":"https:\/\/parquejaimeduque.com\/pt\/wp-json\/wp\/v2\/users\/1"}],"replies":[{"embeddable":true,"href":"https:\/\/parquejaimeduque.com\/pt\/wp-json\/wp\/v2\/comments?post=19180"}],"version-history":[{"count":0,"href":"https:\/\/parquejaimeduque.com\/pt\/wp-json\/wp\/v2\/pages\/19180\/revisions"}],"wp:attachment":[{"href":"https:\/\/parquejaimeduque.com\/pt\/wp-json\/wp\/v2\/media?parent=19180"}],"wp:term":[{"taxonomy":"folder","embeddable":true,"href":"https:\/\/parquejaimeduque.com\/pt\/wp-json\/wp\/v2\/folder?post=19180"}],"curies":[{"name":"wp","href":"https:\/\/api.w.org\/{rel}","templated":true}]}}