{"id":20057,"date":"2025-06-16T15:59:12","date_gmt":"2025-06-16T20:59:12","guid":{"rendered":"https:\/\/parquejaimeduque.com\/?page_id=20057"},"modified":"2025-06-17T14:02:36","modified_gmt":"2025-06-17T19:02:36","slug":"gracias-donante","status":"publish","type":"page","link":"https:\/\/parquejaimeduque.com\/pt\/gracias-donante\/","title":{"rendered":"Obrigado, doador"},"content":{"rendered":"<div data-elementor-type=\"wp-page\" data-elementor-id=\"20057\" class=\"elementor elementor-20057\" data-elementor-post-type=\"page\">\n\t\t\t\t<div class=\"elementor-element elementor-element-3aa3574 e-con-full e-flex e-con e-parent\" data-id=\"3aa3574\" data-element_type=\"container\" data-e-type=\"container\" data-settings=\"{&quot;background_background&quot;:&quot;classic&quot;}\"><div class=\"elementor-element elementor-element-6867d87 e-con-full e-flex e-con e-child\" data-id=\"6867d87\" data-element_type=\"container\" data-e-type=\"container\">\t\t<div class=\"elementor-element elementor-element-1d758d4 elementor-widget elementor-widget-image\" data-id=\"1d758d4\" data-element_type=\"widget\" data-e-type=\"widget\" data-widget_type=\"image.default\">\n\t\t\t\t\t\t\t\t\t\t\t\t\t\t\t<img decoding=\"async\" src=\"https:\/\/parquejaimeduque.com\/wp-content\/uploads\/elementor\/thumbs\/Pose-rk64ypw4u2dzvr65a9ewmn23dl0xmxot7fyuqff962.webp\" title=\"Pose\" alt=\"rafiki animado caricatura personaje\" loading=\"lazy\" \/>\t\t\t\t\t\t\t\t\t\t\t\t\t\t\t<\/div>\n\t\t\t\t<div class=\"elementor-element elementor-element-636a51b elementor-widget elementor-widget-image\" data-id=\"636a51b\" data-element_type=\"widget\" data-e-type=\"widget\" data-widget_type=\"image.default\">\n\t\t\t\t\t\t\t\t\t\t\t\t\t\t\t\t<a href=\"https:\/\/parquejaimeduque.com\/pt\/elvueloderafiki\/\">\n\t\t\t\t\t\t\t<img decoding=\"async\" src=\"https:\/\/parquejaimeduque.com\/wp-content\/uploads\/elementor\/thumbs\/Logos-parque-jaime-duque-y-aeropuerto-el-dorado-bogota-rk64ym4s2q8ulbblw7seco0901jgs59vuxcwtbks6e.webp\" title=\"Logos parque jaime duque y aeropuerto el dorado bogota\" alt=\"logo alianza Fundaci\u00f3n Parque Jaime Duque y Aeropuerto El Dorado - Opain\" loading=\"lazy\" \/>\t\t\t\t\t\t\t\t<\/a>\n\t\t\t\t\t\t\t\t\t\t\t\t\t\t\t<\/div>\n\t\t\t\t<div class=\"elementor-element elementor-element-da53c16 elementor-widget-divider--view-line elementor-widget elementor-widget-divider\" data-id=\"da53c16\" data-element_type=\"widget\" data-e-type=\"widget\" data-widget_type=\"divider.default\">\n\t\t\t\t\t\t\t<div class=\"elementor-divider\">\n\t\t\t<span class=\"elementor-divider-separator\">\n\t\t\t\t\t\t<\/span>\n\t\t<\/div>\n\t\t\t\t\t\t<\/div>\n\t\t\t\t<div class=\"elementor-element elementor-element-044a2f7 elementor-widget elementor-widget-heading\" data-id=\"044a2f7\" data-element_type=\"widget\" data-e-type=\"widget\" data-widget_type=\"heading.default\">\n\t\t\t\t\t<h2 class=\"elementor-heading-title elementor-size-default\">\u00a1Gracias por volar alto conmigo!<\/h2>\t\t\t\t<\/div>\n\t\t\t\t<div class=\"elementor-element elementor-element-bc22f16 elementor-widget elementor-widget-text-editor\" data-id=\"bc22f16\" data-element_type=\"widget\" data-e-type=\"widget\" data-widget_type=\"text-editor.default\">\n\t\t\t\t\t\t\t\t\t<p>Soy Rafiki, el c\u00f3ndor de los Andes, y gracias a tu generoso apoyo, tengo una nueva oportunidad de surcar los cielos. Con tu donaci\u00f3n, est\u00e1s protegiendo mi hogar, cuidando a mi especie y dando esperanza a muchos como yo. \u00a1Nos vemos en las alturas!<\/p>\t\t\t\t\t\t\t\t<\/div>\n\t\t\t\t<div class=\"elementor-element elementor-element-cfbaf1d elementor-widget-divider--view-line elementor-widget elementor-widget-divider\" data-id=\"cfbaf1d\" data-element_type=\"widget\" data-e-type=\"widget\" data-widget_type=\"divider.default\">\n\t\t\t\t\t\t\t<div class=\"elementor-divider\">\n\t\t\t<span class=\"elementor-divider-separator\">\n\t\t\t\t\t\t<\/span>\n\t\t<\/div>\n\t\t\t\t\t\t<\/div>\n\t\t\t\t<div class=\"elementor-element elementor-element-18e2b47 elementor-widget elementor-widget-text-editor\" data-id=\"18e2b47\" data-element_type=\"widget\" data-e-type=\"widget\" data-widget_type=\"text-editor.default\">\n\t\t\t\t\t\t\t\t\t<p>Sigue conociendo m\u00e1s:<\/p>\t\t\t\t\t\t\t\t<\/div>\n\t\t<div class=\"elementor-element elementor-element-5c585d2 e-con-full e-flex e-con e-child\" data-id=\"5c585d2\" data-element_type=\"container\" data-e-type=\"container\">\t\t<div class=\"elementor-element elementor-element-b1640e5 elementor-widget elementor-widget-button\" data-id=\"b1640e5\" data-element_type=\"widget\" data-e-type=\"widget\" data-widget_type=\"button.default\">\n\t\t\t\t\t\t\t\t\t\t<a class=\"elementor-button elementor-button-link elementor-size-sm\" href=\"https:\/\/parquejaimeduque.com\/pt\/condor-dos-andes\/\">\n\t\t\t\t\t\t<span class=\"elementor-button-content-wrapper\">\n\t\t\t\t\t\t\t\t\t<span class=\"elementor-button-text\">Programa de Coonservaci\u00f3n C\u00f3ndor de los Andes<\/span>\n\t\t\t\t\t<\/span>\n\t\t\t\t\t<\/a>\n\t\t\t\t\t\t\t\t<\/div>\n\t\t\t\t<div class=\"elementor-element elementor-element-df57a2b elementor-widget elementor-widget-button\" data-id=\"df57a2b\" data-element_type=\"widget\" data-e-type=\"widget\" data-widget_type=\"button.default\">\n\t\t\t\t\t\t\t\t\t\t<a class=\"elementor-button elementor-button-link elementor-size-sm\" href=\"https:\/\/parquejaimeduque.com\/pt\/elvueloderafiki\/\">\n\t\t\t\t\t\t<span class=\"elementor-button-content-wrapper\">\n\t\t\t\t\t\t\t\t\t<span class=\"elementor-button-text\">Voo do Rafiki<\/span>\n\t\t\t\t\t<\/span>\n\t\t\t\t\t<\/a>\n\t\t\t\t\t\t\t\t<\/div>\n\t\t\t\t<\/div>\r\n\t\t\t\t<div class=\"elementor-element elementor-element-94bc3d6 elementor-widget elementor-widget-spacer\" data-id=\"94bc3d6\" data-element_type=\"widget\" data-e-type=\"widget\" data-widget_type=\"spacer.default\">\n\t\t\t\t\t\t\t<div class=\"elementor-spacer\">\n\t\t\t<div class=\"elementor-spacer-inner\"><\/div>\n\t\t<\/div>\n\t\t\t\t\t\t<\/div>\n\t\t\t\t<\/div>\r\n\t\t\t\t<\/div>\r\n\t\t\t\t<\/div>","protected":false},"excerpt":{"rendered":"<p>\u00a1Gracias por volar alto conmigo! Soy Rafiki, el c\u00f3ndor de los Andes, y gracias a tu generoso apoyo, tengo una nueva oportunidad de surcar los cielos. Con tu donaci\u00f3n, est\u00e1s protegiendo mi hogar, cuidando a mi especie y dando esperanza a muchos como yo. \u00a1Nos vemos en las alturas! Sigue conociendo m\u00e1s: Programa de Coonservaci\u00f3n [&hellip;]<\/p>\n","protected":false},"author":1,"featured_media":0,"parent":0,"menu_order":0,"comment_status":"closed","ping_status":"closed","template":"elementor_header_footer","meta":{"footnotes":""},"folder":[],"class_list":["post-20057","page","type-page","status-publish","hentry"],"yoast_head":"<!-- This site is optimized with the Yoast SEO plugin v27.3 - https:\/\/yoast.com\/product\/yoast-seo-wordpress\/ -->\n<title>Gracias donante - Fundaci\u00f3n Parque Jaime Duque<\/title>\n<meta name=\"robots\" content=\"index, follow, max-snippet:-1, max-image-preview:large, max-video-preview:-1\" \/>\n<link rel=\"canonical\" href=\"https:\/\/parquejaimeduque.com\/pt\/gracias-donante\/\" \/>\n<meta property=\"og:locale\" content=\"pt_BR\" \/>\n<meta property=\"og:type\" content=\"article\" \/>\n<meta property=\"og:title\" content=\"Gracias donante - Fundaci\u00f3n Parque Jaime Duque\" \/>\n<meta property=\"og:description\" content=\"\u00a1Gracias por volar alto conmigo! Soy Rafiki, el c\u00f3ndor de los Andes, y gracias a tu generoso apoyo, tengo una nueva oportunidad de surcar los cielos. Con tu donaci\u00f3n, est\u00e1s protegiendo mi hogar, cuidando a mi especie y dando esperanza a muchos como yo. \u00a1Nos vemos en las alturas! Sigue conociendo m\u00e1s: Programa de Coonservaci\u00f3n [&hellip;]\" \/>\n<meta property=\"og:url\" content=\"https:\/\/parquejaimeduque.com\/pt\/gracias-donante\/\" \/>\n<meta property=\"og:site_name\" content=\"Fundaci\u00f3n Parque Jaime Duque\" \/>\n<meta property=\"article:publisher\" content=\"https:\/\/www.facebook.com\/ParqueJaimeDuque\" \/>\n<meta property=\"article:modified_time\" content=\"2025-06-17T19:02:36+00:00\" \/>\n<meta property=\"og:image\" content=\"https:\/\/parquejaimeduque.com\/wp-content\/uploads\/elementor\/thumbs\/Pose-r7g1376j3fjw3mgv7f3yf5xysftjykzn01zoilhbuc.webp\" \/>\n<meta name=\"twitter:card\" content=\"summary_large_image\" \/>\n<meta name=\"twitter:label1\" content=\"Est. tempo de leitura\" \/>\n\t<meta name=\"twitter:data1\" content=\"1 minuto\" \/>\n<script type=\"application\/ld+json\" class=\"yoast-schema-graph\">{\"@context\":\"https:\\\/\\\/schema.org\",\"@graph\":[{\"@type\":\"WebPage\",\"@id\":\"https:\\\/\\\/parquejaimeduque.com\\\/gracias-donante\\\/\",\"url\":\"https:\\\/\\\/parquejaimeduque.com\\\/gracias-donante\\\/\",\"name\":\"Gracias donante - Fundaci\u00f3n Parque Jaime Duque\",\"isPartOf\":{\"@id\":\"https:\\\/\\\/parquejaimeduque.com\\\/#website\"},\"primaryImageOfPage\":{\"@id\":\"https:\\\/\\\/parquejaimeduque.com\\\/gracias-donante\\\/#primaryimage\"},\"image\":{\"@id\":\"https:\\\/\\\/parquejaimeduque.com\\\/gracias-donante\\\/#primaryimage\"},\"thumbnailUrl\":\"https:\\\/\\\/parquejaimeduque.com\\\/wp-content\\\/uploads\\\/elementor\\\/thumbs\\\/Pose-r7g1376j3fjw3mgv7f3yf5xysftjykzn01zoilhbuc.webp\",\"datePublished\":\"2025-06-16T20:59:12+00:00\",\"dateModified\":\"2025-06-17T19:02:36+00:00\",\"breadcrumb\":{\"@id\":\"https:\\\/\\\/parquejaimeduque.com\\\/gracias-donante\\\/#breadcrumb\"},\"inLanguage\":\"pt-BR\",\"potentialAction\":[{\"@type\":\"ReadAction\",\"target\":[\"https:\\\/\\\/parquejaimeduque.com\\\/gracias-donante\\\/\"]}]},{\"@type\":\"ImageObject\",\"inLanguage\":\"pt-BR\",\"@id\":\"https:\\\/\\\/parquejaimeduque.com\\\/gracias-donante\\\/#primaryimage\",\"url\":\"https:\\\/\\\/parquejaimeduque.com\\\/wp-content\\\/uploads\\\/elementor\\\/thumbs\\\/Pose-r7g1376j3fjw3mgv7f3yf5xysftjykzn01zoilhbuc.webp\",\"contentUrl\":\"https:\\\/\\\/parquejaimeduque.com\\\/wp-content\\\/uploads\\\/elementor\\\/thumbs\\\/Pose-r7g1376j3fjw3mgv7f3yf5xysftjykzn01zoilhbuc.webp\"},{\"@type\":\"BreadcrumbList\",\"@id\":\"https:\\\/\\\/parquejaimeduque.com\\\/gracias-donante\\\/#breadcrumb\",\"itemListElement\":[{\"@type\":\"ListItem\",\"position\":1,\"name\":\"Inicio\",\"item\":\"https:\\\/\\\/parquejaimeduque.com\\\/\"},{\"@type\":\"ListItem\",\"position\":2,\"name\":\"Gracias donante\"}]},{\"@type\":\"WebSite\",\"@id\":\"https:\\\/\\\/parquejaimeduque.com\\\/#website\",\"url\":\"https:\\\/\\\/parquejaimeduque.com\\\/\",\"name\":\"Fundaci\u00f3n Parque Jaime Duque\",\"description\":\"Somos una entidad sin \u00e1nimo de lucro, 100% colombiana que trabaja por la conservaci\u00f3n de la familia y el bienestar social, de la naturaleza y de la cultura, con el \u00fanico objetivo de servir a la comunidad promoviendo el bienestar de las generaciones actuales y futuras.\",\"publisher\":{\"@id\":\"https:\\\/\\\/parquejaimeduque.com\\\/#organization\"},\"potentialAction\":[{\"@type\":\"SearchAction\",\"target\":{\"@type\":\"EntryPoint\",\"urlTemplate\":\"https:\\\/\\\/parquejaimeduque.com\\\/?s={search_term_string}\"},\"query-input\":{\"@type\":\"PropertyValueSpecification\",\"valueRequired\":true,\"valueName\":\"search_term_string\"}}],\"inLanguage\":\"pt-BR\"},{\"@type\":\"Organization\",\"@id\":\"https:\\\/\\\/parquejaimeduque.com\\\/#organization\",\"name\":\"Fundaci\u00f3n Parque Jaime Duque\",\"url\":\"https:\\\/\\\/parquejaimeduque.com\\\/\",\"logo\":{\"@type\":\"ImageObject\",\"inLanguage\":\"pt-BR\",\"@id\":\"https:\\\/\\\/parquejaimeduque.com\\\/#\\\/schema\\\/logo\\\/image\\\/\",\"url\":\"https:\\\/\\\/parquejaimeduque.com\\\/wp-content\\\/uploads\\\/2025\\\/02\\\/cropped-Logo-FPJD-512-1.png\",\"contentUrl\":\"https:\\\/\\\/parquejaimeduque.com\\\/wp-content\\\/uploads\\\/2025\\\/02\\\/cropped-Logo-FPJD-512-1.png\",\"width\":512,\"height\":512,\"caption\":\"Fundaci\u00f3n Parque Jaime Duque\"},\"image\":{\"@id\":\"https:\\\/\\\/parquejaimeduque.com\\\/#\\\/schema\\\/logo\\\/image\\\/\"},\"sameAs\":[\"https:\\\/\\\/www.facebook.com\\\/ParqueJaimeDuque\",\"https:\\\/\\\/www.instagram.com\\\/parquejaimeduque\\\/\",\"https:\\\/\\\/www.tiktok.com\\\/@parquejaimeduque?_t=8WWpzcM9XE6&_r=1\",\"https:\\\/\\\/www.youtube.com\\\/user\\\/rtorres48\",\"https:\\\/\\\/co.linkedin.com\\\/company\\\/fundacion-parque-jaime-duque?trk=similar-pages\"]}]}<\/script>\n<!-- \/ Yoast SEO plugin. -->","yoast_head_json":{"title":"Gracias donante - Fundaci\u00f3n Parque Jaime Duque","robots":{"index":"index","follow":"follow","max-snippet":"max-snippet:-1","max-image-preview":"max-image-preview:large","max-video-preview":"max-video-preview:-1"},"canonical":"https:\/\/parquejaimeduque.com\/pt\/gracias-donante\/","og_locale":"pt_BR","og_type":"article","og_title":"Gracias donante - Fundaci\u00f3n Parque Jaime Duque","og_description":"\u00a1Gracias por volar alto conmigo! Soy Rafiki, el c\u00f3ndor de los Andes, y gracias a tu generoso apoyo, tengo una nueva oportunidad de surcar los cielos. Con tu donaci\u00f3n, est\u00e1s protegiendo mi hogar, cuidando a mi especie y dando esperanza a muchos como yo. \u00a1Nos vemos en las alturas! Sigue conociendo m\u00e1s: Programa de Coonservaci\u00f3n [&hellip;]","og_url":"https:\/\/parquejaimeduque.com\/pt\/gracias-donante\/","og_site_name":"Fundaci\u00f3n Parque Jaime Duque","article_publisher":"https:\/\/www.facebook.com\/ParqueJaimeDuque","article_modified_time":"2025-06-17T19:02:36+00:00","og_image":[{"url":"https:\/\/parquejaimeduque.com\/wp-content\/uploads\/elementor\/thumbs\/Pose-r7g1376j3fjw3mgv7f3yf5xysftjykzn01zoilhbuc.webp","type":"","width":"","height":""}],"twitter_card":"summary_large_image","twitter_misc":{"Est. tempo de leitura":"1 minuto"},"schema":{"@context":"https:\/\/schema.org","@graph":[{"@type":"WebPage","@id":"https:\/\/parquejaimeduque.com\/gracias-donante\/","url":"https:\/\/parquejaimeduque.com\/gracias-donante\/","name":"Gracias donante - Fundaci\u00f3n Parque Jaime Duque","isPartOf":{"@id":"https:\/\/parquejaimeduque.com\/#website"},"primaryImageOfPage":{"@id":"https:\/\/parquejaimeduque.com\/gracias-donante\/#primaryimage"},"image":{"@id":"https:\/\/parquejaimeduque.com\/gracias-donante\/#primaryimage"},"thumbnailUrl":"https:\/\/parquejaimeduque.com\/wp-content\/uploads\/elementor\/thumbs\/Pose-r7g1376j3fjw3mgv7f3yf5xysftjykzn01zoilhbuc.webp","datePublished":"2025-06-16T20:59:12+00:00","dateModified":"2025-06-17T19:02:36+00:00","breadcrumb":{"@id":"https:\/\/parquejaimeduque.com\/gracias-donante\/#breadcrumb"},"inLanguage":"pt-BR","potentialAction":[{"@type":"ReadAction","target":["https:\/\/parquejaimeduque.com\/gracias-donante\/"]}]},{"@type":"ImageObject","inLanguage":"pt-BR","@id":"https:\/\/parquejaimeduque.com\/gracias-donante\/#primaryimage","url":"https:\/\/parquejaimeduque.com\/wp-content\/uploads\/elementor\/thumbs\/Pose-r7g1376j3fjw3mgv7f3yf5xysftjykzn01zoilhbuc.webp","contentUrl":"https:\/\/parquejaimeduque.com\/wp-content\/uploads\/elementor\/thumbs\/Pose-r7g1376j3fjw3mgv7f3yf5xysftjykzn01zoilhbuc.webp"},{"@type":"BreadcrumbList","@id":"https:\/\/parquejaimeduque.com\/gracias-donante\/#breadcrumb","itemListElement":[{"@type":"ListItem","position":1,"name":"Inicio","item":"https:\/\/parquejaimeduque.com\/"},{"@type":"ListItem","position":2,"name":"Gracias donante"}]},{"@type":"WebSite","@id":"https:\/\/parquejaimeduque.com\/#website","url":"https:\/\/parquejaimeduque.com\/","name":"Funda\u00e7\u00e3o Parque Jaime Duque","description":"Somos uma organiza\u00e7\u00e3o colombiana sem fins lucrativos que trabalha para a conserva\u00e7\u00e3o da fam\u00edlia e do bem-estar social, da natureza e da cultura, com o \u00fanico objetivo de servir a comunidade e promover o bem-estar das gera\u00e7\u00f5es atuais e futuras.","publisher":{"@id":"https:\/\/parquejaimeduque.com\/#organization"},"potentialAction":[{"@type":"SearchAction","target":{"@type":"EntryPoint","urlTemplate":"https:\/\/parquejaimeduque.com\/?s={search_term_string}"},"query-input":{"@type":"PropertyValueSpecification","valueRequired":true,"valueName":"search_term_string"}}],"inLanguage":"pt-BR"},{"@type":"Organization","@id":"https:\/\/parquejaimeduque.com\/#organization","name":"Funda\u00e7\u00e3o Parque Jaime Duque","url":"https:\/\/parquejaimeduque.com\/","logo":{"@type":"ImageObject","inLanguage":"pt-BR","@id":"https:\/\/parquejaimeduque.com\/#\/schema\/logo\/image\/","url":"https:\/\/parquejaimeduque.com\/wp-content\/uploads\/2025\/02\/cropped-Logo-FPJD-512-1.png","contentUrl":"https:\/\/parquejaimeduque.com\/wp-content\/uploads\/2025\/02\/cropped-Logo-FPJD-512-1.png","width":512,"height":512,"caption":"Fundaci\u00f3n Parque Jaime Duque"},"image":{"@id":"https:\/\/parquejaimeduque.com\/#\/schema\/logo\/image\/"},"sameAs":["https:\/\/www.facebook.com\/ParqueJaimeDuque","https:\/\/www.instagram.com\/parquejaimeduque\/","https:\/\/www.tiktok.com\/@parquejaimeduque?_t=8WWpzcM9XE6&_r=1","https:\/\/www.youtube.com\/user\/rtorres48","https:\/\/co.linkedin.com\/company\/fundacion-parque-jaime-duque?trk=similar-pages"]}]}},"_links":{"self":[{"href":"https:\/\/parquejaimeduque.com\/pt\/wp-json\/wp\/v2\/pages\/20057","targetHints":{"allow":["GET"]}}],"collection":[{"href":"https:\/\/parquejaimeduque.com\/pt\/wp-json\/wp\/v2\/pages"}],"about":[{"href":"https:\/\/parquejaimeduque.com\/pt\/wp-json\/wp\/v2\/types\/page"}],"author":[{"embeddable":true,"href":"https:\/\/parquejaimeduque.com\/pt\/wp-json\/wp\/v2\/users\/1"}],"replies":[{"embeddable":true,"href":"https:\/\/parquejaimeduque.com\/pt\/wp-json\/wp\/v2\/comments?post=20057"}],"version-history":[{"count":0,"href":"https:\/\/parquejaimeduque.com\/pt\/wp-json\/wp\/v2\/pages\/20057\/revisions"}],"wp:attachment":[{"href":"https:\/\/parquejaimeduque.com\/pt\/wp-json\/wp\/v2\/media?parent=20057"}],"wp:term":[{"taxonomy":"folder","embeddable":true,"href":"https:\/\/parquejaimeduque.com\/pt\/wp-json\/wp\/v2\/folder?post=20057"}],"curies":[{"name":"wp","href":"https:\/\/api.w.org\/{rel}","templated":true}]}}